{"id":291,"date":"2024-07-11T15:16:47","date_gmt":"2024-07-11T15:16:47","guid":{"rendered":"https:\/\/vibromaule.cl\/?post_type=product&#038;p=291"},"modified":"2026-02-10T19:51:19","modified_gmt":"2026-02-10T19:51:19","slug":"cierres-perimetrales-de-hormigon-para-empresas","status":"publish","type":"product","link":"https:\/\/vibromaule.cl\/?product=cierres-perimetrales-de-hormigon-para-empresas","title":{"rendered":"CIERRES PERIMETRALES DE HORMIG\u00d3N PARA EMPRESAS"},"content":{"rendered":"","protected":false},"excerpt":{"rendered":"<p>Cierros de Hormig\u00f3n Vibrado de Alta Resistencia de 2 y 2,5 MT de altura, con poste recto o curvo para alambre de p\u00faas.<\/p>\n<p>*Precio variable sujeto a condiciones de terreno, ubicaci\u00f3n y metros lineales.<\/p>\n","protected":false},"featured_media":299,"comment_status":"open","ping_status":"closed","template":"","meta":{"_joinchat":[]},"product_cat":[47,31,59,48,22,45,40,46,60],"product_tag":[49,64,63,53,38,68,70,69,61,62],"_links":{"self":[{"href":"https:\/\/vibromaule.cl\/index.php?rest_route=\/wp\/v2\/product\/291"}],"collection":[{"href":"https:\/\/vibromaule.cl\/index.php?rest_route=\/wp\/v2\/product"}],"about":[{"href":"https:\/\/vibromaule.cl\/index.php?rest_route=\/wp\/v2\/types\/product"}],"replies":[{"embeddable":true,"href":"https:\/\/vibromaule.cl\/index.php?rest_route=%2Fwp%2Fv2%2Fcomments&post=291"}],"wp:featuredmedia":[{"embeddable":true,"href":"https:\/\/vibromaule.cl\/index.php?rest_route=\/wp\/v2\/media\/299"}],"wp:attachment":[{"href":"https:\/\/vibromaule.cl\/index.php?rest_route=%2Fwp%2Fv2%2Fmedia&parent=291"}],"wp:term":[{"taxonomy":"product_cat","embeddable":true,"href":"https:\/\/vibromaule.cl\/index.php?rest_route=%2Fwp%2Fv2%2Fproduct_cat&post=291"},{"taxonomy":"product_tag","embeddable":true,"href":"https:\/\/vibromaule.cl\/index.php?rest_route=%2Fwp%2Fv2%2Fproduct_tag&post=291"}],"curies":[{"name":"wp","href":"https:\/\/api.w.org\/{rel}","templated":true}]}}