{"id":262,"date":"2024-06-19T14:39:18","date_gmt":"2024-06-19T14:39:18","guid":{"rendered":"https:\/\/vibromaule.cl\/?post_type=product&#038;p=262"},"modified":"2026-01-13T04:50:14","modified_gmt":"2026-01-13T04:50:14","slug":"remate-de-anclas-agricolas-tipo-plato-40-cm-de-diametro","status":"publish","type":"product","link":"https:\/\/vibromaule.cl\/?product=remate-de-anclas-agricolas-tipo-plato-40-cm-de-diametro","title":{"rendered":"ANCLAS AGR\u00cdCOLAS TIPO PLATO 30 CM DE DI\u00c1METRO"},"content":{"rendered":"","protected":false},"excerpt":{"rendered":"<p>ANCLA TIPO PLATO DE HORMIG\u00d3N VIBRADO DE ALTA RESISTENCIA.<\/p>\n<ul>\n<li>DI\u00c1METRO: 30 CM.<\/li>\n<\/ul>\n","protected":false},"featured_media":263,"comment_status":"open","ping_status":"closed","template":"","meta":{"_joinchat":[]},"product_cat":[55],"product_tag":[56,57,58,53],"_links":{"self":[{"href":"https:\/\/vibromaule.cl\/index.php?rest_route=\/wp\/v2\/product\/262"}],"collection":[{"href":"https:\/\/vibromaule.cl\/index.php?rest_route=\/wp\/v2\/product"}],"about":[{"href":"https:\/\/vibromaule.cl\/index.php?rest_route=\/wp\/v2\/types\/product"}],"replies":[{"embeddable":true,"href":"https:\/\/vibromaule.cl\/index.php?rest_route=%2Fwp%2Fv2%2Fcomments&post=262"}],"wp:featuredmedia":[{"embeddable":true,"href":"https:\/\/vibromaule.cl\/index.php?rest_route=\/wp\/v2\/media\/263"}],"wp:attachment":[{"href":"https:\/\/vibromaule.cl\/index.php?rest_route=%2Fwp%2Fv2%2Fmedia&parent=262"}],"wp:term":[{"taxonomy":"product_cat","embeddable":true,"href":"https:\/\/vibromaule.cl\/index.php?rest_route=%2Fwp%2Fv2%2Fproduct_cat&post=262"},{"taxonomy":"product_tag","embeddable":true,"href":"https:\/\/vibromaule.cl\/index.php?rest_route=%2Fwp%2Fv2%2Fproduct_tag&post=262"}],"curies":[{"name":"wp","href":"https:\/\/api.w.org\/{rel}","templated":true}]}}