{"id":236,"date":"2024-03-19T20:50:14","date_gmt":"2024-03-19T20:50:14","guid":{"rendered":"https:\/\/vibromaule.cl\/?post_type=product&#038;p=236"},"modified":"2026-03-21T11:44:28","modified_gmt":"2026-03-21T11:44:28","slug":"pastelon-de-piso-antideslizante-rustico-50-x-50-cm","status":"publish","type":"product","link":"https:\/\/vibromaule.cl\/?product=pastelon-de-piso-antideslizante-rustico-50-x-50-cm","title":{"rendered":"PASTEL\u00d3N DE PISO ANTIDESLIZANTE R\u00daSTICO 50 X 50 CM"},"content":{"rendered":"<p>PASTEL\u00d3N DE PISO ANTIDESLIZANTE R\u00daSTICO 50 X 50 CM<\/p>\n","protected":false},"excerpt":{"rendered":"<ul>\n<li>Medidas: 50 x 50 x 4 cm<\/li>\n<li>Material: hormig\u00f3n de alta resistencia<\/li>\n<\/ul>\n","protected":false},"featured_media":279,"comment_status":"open","ping_status":"closed","template":"","meta":{"_joinchat":[]},"product_cat":[22,40],"product_tag":[44],"_links":{"self":[{"href":"https:\/\/vibromaule.cl\/index.php?rest_route=\/wp\/v2\/product\/236"}],"collection":[{"href":"https:\/\/vibromaule.cl\/index.php?rest_route=\/wp\/v2\/product"}],"about":[{"href":"https:\/\/vibromaule.cl\/index.php?rest_route=\/wp\/v2\/types\/product"}],"replies":[{"embeddable":true,"href":"https:\/\/vibromaule.cl\/index.php?rest_route=%2Fwp%2Fv2%2Fcomments&post=236"}],"wp:featuredmedia":[{"embeddable":true,"href":"https:\/\/vibromaule.cl\/index.php?rest_route=\/wp\/v2\/media\/279"}],"wp:attachment":[{"href":"https:\/\/vibromaule.cl\/index.php?rest_route=%2Fwp%2Fv2%2Fmedia&parent=236"}],"wp:term":[{"taxonomy":"product_cat","embeddable":true,"href":"https:\/\/vibromaule.cl\/index.php?rest_route=%2Fwp%2Fv2%2Fproduct_cat&post=236"},{"taxonomy":"product_tag","embeddable":true,"href":"https:\/\/vibromaule.cl\/index.php?rest_route=%2Fwp%2Fv2%2Fproduct_tag&post=236"}],"curies":[{"name":"wp","href":"https:\/\/api.w.org\/{rel}","templated":true}]}}