{"id":116,"date":"2023-06-22T19:51:24","date_gmt":"2023-06-22T19:51:24","guid":{"rendered":"https:\/\/vibromaule.cl\/?post_type=product&#038;p=116"},"modified":"2026-01-09T14:41:07","modified_gmt":"2026-01-09T14:41:07","slug":"pastelon-machu-picchu","status":"publish","type":"product","link":"https:\/\/vibromaule.cl\/?product=pastelon-machu-picchu","title":{"rendered":"PASTEL\u00d3N DE PISO ANTIDESLIZANTE R\u00daSTICO 40 x 40"},"content":{"rendered":"<p>PASTEL\u00d3N DE PISO ANTIDESLIZANTE R\u00daSTICO 40 x 40 CM<\/p>\n","protected":false},"excerpt":{"rendered":"<ul>\n<li>Medidas: 40 x 40 x 4 cm<\/li>\n<li>Material: hormig\u00f3n de alta resistencia<\/li>\n<\/ul>\n","protected":false},"featured_media":278,"comment_status":"open","ping_status":"closed","template":"","meta":{"_joinchat":[]},"product_cat":[22,40],"product_tag":[44],"_links":{"self":[{"href":"https:\/\/vibromaule.cl\/index.php?rest_route=\/wp\/v2\/product\/116"}],"collection":[{"href":"https:\/\/vibromaule.cl\/index.php?rest_route=\/wp\/v2\/product"}],"about":[{"href":"https:\/\/vibromaule.cl\/index.php?rest_route=\/wp\/v2\/types\/product"}],"replies":[{"embeddable":true,"href":"https:\/\/vibromaule.cl\/index.php?rest_route=%2Fwp%2Fv2%2Fcomments&post=116"}],"wp:featuredmedia":[{"embeddable":true,"href":"https:\/\/vibromaule.cl\/index.php?rest_route=\/wp\/v2\/media\/278"}],"wp:attachment":[{"href":"https:\/\/vibromaule.cl\/index.php?rest_route=%2Fwp%2Fv2%2Fmedia&parent=116"}],"wp:term":[{"taxonomy":"product_cat","embeddable":true,"href":"https:\/\/vibromaule.cl\/index.php?rest_route=%2Fwp%2Fv2%2Fproduct_cat&post=116"},{"taxonomy":"product_tag","embeddable":true,"href":"https:\/\/vibromaule.cl\/index.php?rest_route=%2Fwp%2Fv2%2Fproduct_tag&post=116"}],"curies":[{"name":"wp","href":"https:\/\/api.w.org\/{rel}","templated":true}]}}